{"id":26,"date":"2023-12-20T19:21:00","date_gmt":"2023-12-20T19:21:00","guid":{"rendered":"https:\/\/www.dergastrofuchs.de\/?page_id=26"},"modified":"2024-06-22T15:50:18","modified_gmt":"2024-06-22T15:50:18","slug":"hygieneschulung","status":"publish","type":"page","link":"https:\/\/www.dergastrofuchs.de\/?page_id=26","title":{"rendered":"Hygieneschulung"},"content":{"rendered":"<div class=\"wp-block-image\">\n<figure class=\"aligncenter size-large is-resized\"><img loading=\"lazy\" decoding=\"async\" width=\"1024\" height=\"1024\" src=\"https:\/\/www.dergastrofuchs.de\/wp-content\/uploads\/2023\/12\/iStock-1133178162-1024x1024.jpg\" alt=\"\" class=\"wp-image-289\" style=\"width:273px;height:auto\" srcset=\"https:\/\/www.dergastrofuchs.de\/wp-content\/uploads\/2023\/12\/iStock-1133178162-1024x1024.jpg 1024w, https:\/\/www.dergastrofuchs.de\/wp-content\/uploads\/2023\/12\/iStock-1133178162-300x300.jpg 300w, https:\/\/www.dergastrofuchs.de\/wp-content\/uploads\/2023\/12\/iStock-1133178162-150x150.jpg 150w, https:\/\/www.dergastrofuchs.de\/wp-content\/uploads\/2023\/12\/iStock-1133178162-768x768.jpg 768w, https:\/\/www.dergastrofuchs.de\/wp-content\/uploads\/2023\/12\/iStock-1133178162-1536x1536.jpg 1536w, https:\/\/www.dergastrofuchs.de\/wp-content\/uploads\/2023\/12\/iStock-1133178162-100x100.jpg 100w, https:\/\/www.dergastrofuchs.de\/wp-content\/uploads\/2023\/12\/iStock-1133178162.jpg 1732w\" sizes=\"(max-width: 1024px) 100vw, 1024px\" \/><\/figure><\/div>\n\n\n<p class=\"has-vivid-red-color has-text-color has-link-color has-medium-font-size wp-elements-75569afab6186e5de07957328be6f79e\">Ich biete Ihnen an, Sie und Ihre Mitarbeiter in der HACCP zu schulen.<\/p>\n\n\n\n<p class=\"has-vivid-red-color has-text-color has-link-color has-medium-font-size wp-elements-a176b6a0d74b33599745ba87679b0eb1\">Ob einmalig oder j\u00e4hrlich wiederkehrende Schulungen.<\/p>\n\n\n\n<p class=\"has-vivid-red-color has-text-color has-link-color has-medium-font-size wp-elements-3b2027850e683ae97476f17c9b3f3a35\">Siehe bei &#8222;<em><strong>Personal-Coaching&#8220;<\/strong><\/em> Seminar Nr. 10.<\/p>\n\n\n\n<p class=\"has-vivid-red-color has-text-color has-link-color has-medium-font-size wp-elements-eefbdca1c765ebe1bd427da0810d9888\"><strong>Das&nbsp;HACCP-Konzept <\/strong><em><strong>(Hazard Analysis Critical Control Point)<\/strong>&nbsp;<\/em><\/p>\n\n\n\n<p class=\"has-vivid-red-color has-text-color has-link-color has-medium-font-size wp-elements-03de3381125d954155a5b4d0faea277d\">In diesem&nbsp;<strong>Seminar<\/strong>&nbsp;lernen Sie nicht nur die theoretischen Grundlagen kennen, sondern erfahren auch, wie Sie das&nbsp;<strong>HACCP-Konzept<\/strong>&nbsp;wirksam in die Praxis umsetzen k\u00f6nnen.<\/p>\n\n\n\n<h2 class=\"wp-block-heading has-luminous-vivid-orange-color has-text-color has-link-color has-medium-font-size wp-elements-4458f78a4927fc94b227fa31a29c4f4f\">Zielgruppe<\/h2>\n\n\n\n<p class=\"has-vivid-red-color has-text-color has-link-color has-medium-font-size wp-elements-e1566ce177f3b372618e2e83ec1df1e2\">Alle, die ein HACCP-Konzept einf\u00fchren oder umsetzen wollen.&nbsp;<\/p>\n\n\n\n<p class=\"has-luminous-vivid-orange-color has-text-color has-link-color has-medium-font-size wp-elements-a266fb7a29ebd29ab8f3a086fac7216d\"><strong>Was sind HACCP Regeln?<\/strong><\/p>\n\n\n\n<p class=\"has-vivid-red-color has-text-color has-link-color has-medium-font-size wp-elements-c697a7baffea08b40c3e1450f8187a3b\">Sie dokumentieren Gefahrenanalyse und kritische Lenkungspunkte und sorgen f\u00fcr geordnete Betriebsabl\u00e4ufe und dienen neben der Lebensmittelsicherheit, auch der Wirtschaftlichkeit.<\/p>\n\n\n\n<p class=\"has-luminous-vivid-orange-color has-text-color has-link-color wp-elements-f770996acd23385595bd2318d631e2e5\"><strong>Was ist HACCP Gastronomie?<\/strong><\/p>\n\n\n\n<p class=\"has-vivid-red-color has-text-color has-link-color has-medium-font-size wp-elements-95c8ba742cb9a9e6ca127be4e1b09efa\">HACCP steht f\u00fcr, frei \u00fcbersetzt \u00bb<strong>Risikobasierte Gefahrenanalyse<\/strong>\u00ab. Es ist ein Kontrollsystem und soll dabei helfen, Gefahren f\u00fcr die menschliche Gesundheit zu erfassen und zu vermeiden. Ein wesentlicher Bereich dabei ist die Hygiene.15.11.2021<\/p>\n\n\n\n<p class=\"has-luminous-vivid-orange-color has-text-color has-link-color wp-elements-9777209b95eb4fef7edb7c4d05e48f0e\"><strong>Was geh\u00f6rt alles zum HACCP?<\/strong><\/p>\n\n\n\n<p class=\"has-vivid-red-color has-text-color has-link-color has-medium-font-size wp-elements-e530b929515644699fc422a5c28a3b36\">Folgende Bereiche: Wareneingangskontrolle, Temperatur\u00fcberwachung, Reinigung und Desinfektion, Sch\u00e4dlingsbek\u00e4mpfung, Personalschulung. Ebenso auch eine R\u00fcckverfolgbarkeit der verwendeten Lebensmittel bis zum Lieferanten.<\/p>\n\n\n\n<p class=\"has-vivid-red-color has-text-color has-link-color has-medium-font-size wp-elements-f52fabb7594c5cf5c8e94ac5609f715f\">Ich zeige Ihnen in meinem Seminar, wie Sie praktisch die HACCP umsetzen, dokumentieren und planen k\u00f6nnen.<\/p>\n\n\n\n<p class=\"has-vivid-red-color has-text-color has-link-color has-medium-font-size wp-elements-9e84e066ab79554fa00cb88ec3561818\">Bei Fragen stehe ich gerne zur Verf\u00fcgung, freue mich aber auch auf Ihren Kontakt via Telefon oder Mail.<\/p>\n\n\n\n<p class=\"has-vivid-red-color has-text-color has-link-color has-medium-font-size wp-elements-5206a4c686dc1bbed7fdde5ea6f012a1\"><strong><em>Ronald Christ<\/em><\/strong><\/p>\n\n\n\n<p class=\"has-luminous-vivid-orange-color has-text-color has-link-color has-medium-font-size wp-elements-52abc7e763b3a3ba71197e81103d4c3d\"><strong>Seminar-Leiter<\/strong><\/p>\n\n\n\n<p><\/p>\n","protected":false},"excerpt":{"rendered":"<p>Ich biete Ihnen an, Sie und Ihre Mitarbeiter in der HACCP zu schulen. Ob einmalig oder j\u00e4hrlich wiederkehrende Schulungen. Siehe bei &#8222;Personal-Coaching&#8220; Seminar Nr. 10. Das&nbsp;HACCP-Konzept (Hazard Analysis Critical Control Point)&nbsp; In diesem&nbsp;Seminar&nbsp;lernen Sie nicht nur die theoretischen Grundlagen kennen, sondern erfahren auch, wie Sie das&nbsp;HACCP-Konzept&nbsp;wirksam in die Praxis umsetzen k\u00f6nnen. Zielgruppe Alle, die ein [&hellip;]<\/p>\n","protected":false},"author":1,"featured_media":0,"parent":0,"menu_order":0,"comment_status":"closed","ping_status":"closed","template":"","meta":{"footnotes":""},"_links":{"self":[{"href":"https:\/\/www.dergastrofuchs.de\/index.php?rest_route=\/wp\/v2\/pages\/26"}],"collection":[{"href":"https:\/\/www.dergastrofuchs.de\/index.php?rest_route=\/wp\/v2\/pages"}],"about":[{"href":"https:\/\/www.dergastrofuchs.de\/index.php?rest_route=\/wp\/v2\/types\/page"}],"author":[{"embeddable":true,"href":"https:\/\/www.dergastrofuchs.de\/index.php?rest_route=\/wp\/v2\/users\/1"}],"replies":[{"embeddable":true,"href":"https:\/\/www.dergastrofuchs.de\/index.php?rest_route=%2Fwp%2Fv2%2Fcomments&post=26"}],"version-history":[{"count":8,"href":"https:\/\/www.dergastrofuchs.de\/index.php?rest_route=\/wp\/v2\/pages\/26\/revisions"}],"predecessor-version":[{"id":627,"href":"https:\/\/www.dergastrofuchs.de\/index.php?rest_route=\/wp\/v2\/pages\/26\/revisions\/627"}],"wp:attachment":[{"href":"https:\/\/www.dergastrofuchs.de\/index.php?rest_route=%2Fwp%2Fv2%2Fmedia&parent=26"}],"curies":[{"name":"wp","href":"https:\/\/api.w.org\/{rel}","templated":true}]}}