{"id":31,"date":"2023-12-20T19:21:00","date_gmt":"2023-12-20T19:21:00","guid":{"rendered":"https:\/\/www.dergastrofuchs.de\/?page_id=31"},"modified":"2024-06-26T12:42:54","modified_gmt":"2024-06-26T12:42:54","slug":"einrichtungsplaner","status":"publish","type":"page","link":"https:\/\/www.dergastrofuchs.de\/?page_id=31","title":{"rendered":"Planung Einrichtung\/K\u00fcche"},"content":{"rendered":"\n<figure class=\"wp-block-gallery aligncenter has-nested-images columns-default is-cropped wp-block-gallery-1 is-layout-flex wp-block-gallery-is-layout-flex\">\n<figure class=\"wp-block-image size-large\"><img loading=\"lazy\" decoding=\"async\" width=\"1024\" height=\"378\" data-id=\"346\" src=\"https:\/\/www.dergastrofuchs.de\/wp-content\/uploads\/2023\/12\/Biergarten-GR-1024x378.jpg\" alt=\"\" class=\"wp-image-346\" srcset=\"https:\/\/www.dergastrofuchs.de\/wp-content\/uploads\/2023\/12\/Biergarten-GR-1024x378.jpg 1024w, https:\/\/www.dergastrofuchs.de\/wp-content\/uploads\/2023\/12\/Biergarten-GR-300x111.jpg 300w, https:\/\/www.dergastrofuchs.de\/wp-content\/uploads\/2023\/12\/Biergarten-GR-768x283.jpg 768w, https:\/\/www.dergastrofuchs.de\/wp-content\/uploads\/2023\/12\/Biergarten-GR-1536x567.jpg 1536w\" sizes=\"(max-width: 1024px) 100vw, 1024px\" \/><\/figure>\n\n\n\n<figure class=\"wp-block-image size-large\"><img loading=\"lazy\" decoding=\"async\" width=\"1024\" height=\"576\" data-id=\"347\" src=\"https:\/\/www.dergastrofuchs.de\/wp-content\/uploads\/2023\/12\/Biergarten-120-Sitze-2-1024x576.jpg\" alt=\"\" class=\"wp-image-347\" srcset=\"https:\/\/www.dergastrofuchs.de\/wp-content\/uploads\/2023\/12\/Biergarten-120-Sitze-2-1024x576.jpg 1024w, https:\/\/www.dergastrofuchs.de\/wp-content\/uploads\/2023\/12\/Biergarten-120-Sitze-2-300x169.jpg 300w, https:\/\/www.dergastrofuchs.de\/wp-content\/uploads\/2023\/12\/Biergarten-120-Sitze-2-768x432.jpg 768w, https:\/\/www.dergastrofuchs.de\/wp-content\/uploads\/2023\/12\/Biergarten-120-Sitze-2-1536x864.jpg 1536w, https:\/\/www.dergastrofuchs.de\/wp-content\/uploads\/2023\/12\/Biergarten-120-Sitze-2.bmp 1920w\" sizes=\"(max-width: 1024px) 100vw, 1024px\" \/><\/figure>\n<\/figure>\n\n\n\n<p class=\"has-vivid-red-color has-text-color has-link-color has-medium-font-size wp-elements-a837dbeed09c151cde6a3e7f70fe27d5\">Sie haben einen gastronomischen Betrieb und m\u00f6chten diesen neu Einrichten, Ver\u00e4ndern oder Erg\u00e4nzen?<\/p>\n\n\n\n<p class=\"has-vivid-red-color has-text-color has-link-color has-medium-font-size wp-elements-cdf2a254a8aeabac226f993d530baa27\">In diesen F\u00e4llen geht nichts \u00fcber eine Planung, auch als Grundlage f\u00fcr Ihre Vorstellungen, f\u00fcr Handwerker, Werbema\u00dfnahmen und Beschilderungen und besonders, f\u00fcr eine fundierte Kalkulation der Investitionskosten, f\u00fcr einen Brauereivertrag oder f\u00fcr die Bank.<\/p>\n\n\n\n<p class=\"has-luminous-vivid-orange-color has-text-color has-link-color wp-elements-49ce46d1778710c030a43bde7bce6b86\" style=\"font-size:22px\"><strong>Ich \u00fcbernehme individuelle Einrichtungsplanungen aller Art.<\/strong><\/p>\n\n\n\n<p class=\"has-luminous-vivid-orange-color has-text-color has-link-color has-medium-font-size wp-elements-5a0252ad3eb560d9379b2aff106682d8\"><strong>Ob Restauranteinrichtung oder Gewerbek\u00fcche.<\/strong><\/p>\n\n\n\n<p class=\"has-vivid-red-color has-text-color has-link-color has-medium-font-size wp-elements-27ed7b9065f5a22213bbad7f601f0df2\">In 2D und in 3D Ansichten. Als Plan in DIN A 4 &#8211; DIN AO oder als Bild.<\/p>\n\n\n\n<p class=\"has-vivid-red-color has-text-color has-link-color has-medium-font-size wp-elements-3141b33b3136a80af0bf4168357f36b0\">Au\u00dferdem erstelle ich Bedarfslisten f\u00fcr M\u00f6bel, Wandverkleidungen, Meterb\u00e4nke, Lampen, K\u00fcchenger\u00e4te- und K\u00fcchenm\u00f6bel und sonstiger Bauteile der Inneneinrichtung.<\/p>\n\n\n\n<p class=\"has-vivid-red-color has-text-color has-link-color has-medium-font-size wp-elements-8151fdbc4db19a2035a5c3d63cd46233\">Nehmen Sie mit mir Kontakt auf.<\/p>\n\n\n\n<p class=\"has-vivid-red-color has-text-color has-link-color has-medium-font-size wp-elements-2591018f56a7942ca07c1b0f0759046c\"><strong>Ich berate Sie gerne und lasse Ihnen z\u00fcgig mein Angebot zukommen.<\/strong><\/p>\n\n\n\n<p class=\"has-vivid-red-color has-text-color has-link-color has-medium-font-size wp-elements-34742c9e5f7b1ed1484a4316894779f5\">Ich arbeite zwar ohne Termine, aber ich fertige alle Pl\u00e4ne zeitnah an, damit Sie schnellstm\u00f6gliche Klarheit \u00fcber Ihr Vorhaben erhalten.<\/p>\n\n\n\n<p class=\"has-vivid-red-color has-text-color has-link-color has-medium-font-size wp-elements-77b6223e9a26b867bca3bf8aca8624e3\">Einfach anrufen oder mailen.<\/p>\n\n\n\n<p class=\"has-vivid-red-color has-text-color has-link-color has-medium-font-size wp-elements-c4fca5cf84356a1db5587be1c35a23b5\">Ich freue mich auf Ihren Kontakt.<\/p>\n\n\n\n<p class=\"has-vivid-red-color has-text-color has-link-color has-medium-font-size wp-elements-5206a4c686dc1bbed7fdde5ea6f012a1\"><strong><em>Ronald Christ<\/em><\/strong><\/p>\n\n\n\n<p class=\"has-luminous-vivid-orange-color has-text-color has-link-color has-medium-font-size wp-elements-a61df0555decf23bd306370b3bef49c0\"><strong>Bauplaner, Innenarchitektur<\/strong><\/p>\n\n\n\n<p><br><\/p>\n","protected":false},"excerpt":{"rendered":"<p>Sie haben einen gastronomischen Betrieb und m\u00f6chten diesen neu Einrichten, Ver\u00e4ndern oder Erg\u00e4nzen? In diesen F\u00e4llen geht nichts \u00fcber eine Planung, auch als Grundlage f\u00fcr Ihre Vorstellungen, f\u00fcr Handwerker, Werbema\u00dfnahmen und Beschilderungen und besonders, f\u00fcr eine fundierte Kalkulation der Investitionskosten, f\u00fcr einen Brauereivertrag oder f\u00fcr die Bank. Ich \u00fcbernehme individuelle Einrichtungsplanungen aller Art. Ob Restauranteinrichtung [&hellip;]<\/p>\n","protected":false},"author":1,"featured_media":0,"parent":0,"menu_order":0,"comment_status":"closed","ping_status":"closed","template":"","meta":{"footnotes":""},"_links":{"self":[{"href":"https:\/\/www.dergastrofuchs.de\/index.php?rest_route=\/wp\/v2\/pages\/31"}],"collection":[{"href":"https:\/\/www.dergastrofuchs.de\/index.php?rest_route=\/wp\/v2\/pages"}],"about":[{"href":"https:\/\/www.dergastrofuchs.de\/index.php?rest_route=\/wp\/v2\/types\/page"}],"author":[{"embeddable":true,"href":"https:\/\/www.dergastrofuchs.de\/index.php?rest_route=\/wp\/v2\/users\/1"}],"replies":[{"embeddable":true,"href":"https:\/\/www.dergastrofuchs.de\/index.php?rest_route=%2Fwp%2Fv2%2Fcomments&post=31"}],"version-history":[{"count":8,"href":"https:\/\/www.dergastrofuchs.de\/index.php?rest_route=\/wp\/v2\/pages\/31\/revisions"}],"predecessor-version":[{"id":647,"href":"https:\/\/www.dergastrofuchs.de\/index.php?rest_route=\/wp\/v2\/pages\/31\/revisions\/647"}],"wp:attachment":[{"href":"https:\/\/www.dergastrofuchs.de\/index.php?rest_route=%2Fwp%2Fv2%2Fmedia&parent=31"}],"curies":[{"name":"wp","href":"https:\/\/api.w.org\/{rel}","templated":true}]}}