{"id":35,"date":"2023-12-20T19:21:00","date_gmt":"2023-12-20T19:21:00","guid":{"rendered":"https:\/\/www.dergastrofuchs.de\/?page_id=35"},"modified":"2024-07-24T17:11:47","modified_gmt":"2024-07-24T17:11:47","slug":"agb-datenschutz","status":"publish","type":"page","link":"https:\/\/www.dergastrofuchs.de\/?page_id=35","title":{"rendered":"AGB-Datenschutz"},"content":{"rendered":"<div class=\"wp-block-image\">\n<figure class=\"aligncenter size-full is-resized\"><img loading=\"lazy\" decoding=\"async\" width=\"500\" height=\"526\" src=\"https:\/\/www.dergastrofuchs.de\/wp-content\/uploads\/2023\/12\/agb-allgemeine-geschaeftsbedingungen-500x526-1.jpg\" alt=\"\" class=\"wp-image-285\" style=\"width:207px;height:auto\" srcset=\"https:\/\/www.dergastrofuchs.de\/wp-content\/uploads\/2023\/12\/agb-allgemeine-geschaeftsbedingungen-500x526-1.jpg 500w, https:\/\/www.dergastrofuchs.de\/wp-content\/uploads\/2023\/12\/agb-allgemeine-geschaeftsbedingungen-500x526-1-285x300.jpg 285w\" sizes=\"(max-width: 500px) 100vw, 500px\" \/><\/figure><\/div>\n\n\n<p class=\"has-text-align-center has-text-color has-link-color has-large-font-size wp-elements-08468cf78552ad45899b6d11b15180f6\" style=\"color:#7e8184\"><strong>AGB:<\/strong><\/p>\n\n\n\n<p class=\"has-text-align-center has-text-color has-link-color has-medium-font-size wp-elements-8eab8259d4bcbdd01fb6a6c923c30e19\" style=\"color:#7e8184\"><strong>1.<\/strong><\/p>\n\n\n\n<p class=\"has-text-color has-link-color has-medium-font-size wp-elements-324fdbd61d2582bead4df8ad49e60122\" style=\"color:#7e8184\">Jedes Angebot von mir ist freibleibend und nur f\u00fcr den Empf\u00e4nger selbst bestimmt und d\u00fcrfen daher nicht ohne meine Zustimmung an Dritte weitergegeben werden.<\/p>\n\n\n\n<p class=\"has-text-align-center has-text-color has-link-color has-medium-font-size wp-elements-0b84eebcea1a874762a85b64a2757051\" style=\"color:#7e8184\"><strong>2.<\/strong><\/p>\n\n\n\n<p class=\"has-text-color has-link-color has-medium-font-size wp-elements-a490163671441d07d2d6cf53db9b9b7a\" style=\"color:#7e8184\">Von mir angebotene Einrichtungsgegenst\u00e4nde, Maschinen und Ger\u00e4te sind nur insoweit bindend, sofern diese jeweils lieferbar sind. Insofern bleiben \u00c4nderungen vorbehalten.<\/p>\n\n\n\n<p class=\"has-text-align-center has-text-color has-link-color has-medium-font-size wp-elements-6ce4ce76c963fdf330545dfd829a796f\" style=\"color:#7e8184\"><strong>3.<\/strong><\/p>\n\n\n\n<p class=\"has-text-color has-link-color has-medium-font-size wp-elements-c6bae05edb4e0034a2a32077062cf578\" style=\"color:#7e8184\">In von mir erstellten und gefertigten Pl\u00e4ne, sind eingezeichnete M\u00f6bel und Einrichtungsgegenst\u00e4nde, Dekorationen, Lampen und Blumen nicht verbindlich, sondern dienen nur als Vorschlag, bzw., als Platzhalter. Verbindliche Darstellungen von derartigen Dingen sind nur in den Ausf\u00fchrungspl\u00e4nen im Ma\u00dfstab 1:50 verbindlich, wenn diese vom Auftraggeber schriftlich zur Ausf\u00fchrung freigegeben sind. Hat der Auftraggeber nach Erhalt der Planungen, die eingezeichneten Gegenst\u00e4nde nicht innerhalb und sp\u00e4testens 14 Tage nach Erhalt schriftlich freigegeben oder widersprochen, gelten die Zeichnungen als verbindlich und kommen entsprechend zur Ausf\u00fchrung. <\/p>\n\n\n\n<p class=\"has-text-align-center has-text-color has-link-color has-medium-font-size wp-elements-caedcd54669f242d3ef53692682a838e\" style=\"color:#7e8184\"><strong>3.1<\/strong><\/p>\n\n\n\n<p class=\"has-text-color has-link-color has-medium-font-size wp-elements-7cdc33a3b502964a70673109cfaeada6\" style=\"color:#7e8184\">Alle Entw\u00fcrfe, Pl\u00e4ne, Bilder, Skizzen, Texte und die Gestaltung unterstehen dem Urheberrecht und d\u00fcrfen ohne Zustimmung nicht kopiert, weitergegeben oder vervielf\u00e4ltigt werden.  Diese Urheberrechtsverletzungsregelung hat auch in Verbindung mit digitalen Leistungen G\u00fcltigkeit. Besonders Texte und Formulierungen d\u00fcrfen nicht kopiert oder \u00fcbernommen werden, da es sich um geistiges Eigentum handelt. Auch leichte Ab\u00e4nderungen der grammatikalischen Formulierungen sind vom Urheberrecht betroffen. Wird gegen dieses Urheberrecht versto\u00dfen, wird eine Strafzahlung von 1.000 \u20ac &#8211; 25.000 \u20ac im Einzelfall berechnet. Die Summe wird bei Versto\u00df jeweils festgesetzt.<\/p>\n\n\n\n<p class=\"has-text-align-center has-text-color has-link-color has-medium-font-size wp-elements-ce9c922f3b29e3572b4d858a2537daa0\" style=\"color:#7e8184\"><strong>4.<\/strong><\/p>\n\n\n\n<p class=\"has-text-color has-link-color has-medium-font-size wp-elements-0c69e947f905a90542699aa134006d81\" style=\"color:#7e8184\">F\u00fcr etwaige Zustimmungen des Vermieters, so wie f\u00fcr beh\u00f6rdliche Genehmigungen und Baugenehmigungen sorgt und haftet immer der Auftraggeber selbst.<\/p>\n\n\n\n<p class=\"has-text-align-center has-text-color has-link-color has-medium-font-size wp-elements-922af3c22f71ac6e1ccc1e5fb48560d5\" style=\"color:#7e8184\"><strong>5.<\/strong><\/p>\n\n\n\n<p class=\"has-text-color has-link-color has-medium-font-size wp-elements-530664c2b28ccf1c605fc16a71924dea\" style=\"color:#7e8184\">Auftr\u00e4ge aller Art an den Auftragnehmer ,sind immer schriftlich zu erteilen. Eine Auftragserteilung kann vorab auch als E-Mail erteilt werden, muss aber dann im Original unterschrieben per Post nachgeschickt werden.<\/p>\n\n\n\n<p class=\"has-text-align-center has-text-color has-link-color wp-elements-b7b77a29f21445ab8302f61f804ea0ce\" style=\"color:#7e8184\"><strong>6.<\/strong><\/p>\n\n\n\n<p class=\"has-text-color has-link-color has-medium-font-size wp-elements-4bc0c017ed607a8fb044cf14a152129e\" style=\"color:#7e8184\">Auftr\u00e4ge sind nur dann mit befriedigender Wirkung verbindlich und g\u00fcltig bestehend, wenn diese durch den Auftragnehmer schriftlich best\u00e4tigt sind. (Beratervereinbarung) Sollte der Auftraggeber vor der schriftlichen Best\u00e4tigung eine Anzahlung leisten, ersetzt dies nicht das genannte Schriftformerfordernis.<\/p>\n\n\n\n<p class=\"has-text-align-center has-text-color has-link-color has-medium-font-size wp-elements-72224d729c7f1f5111ede1362290fe3a\" style=\"color:#7e8184\"><strong>7.<\/strong><\/p>\n\n\n\n<p class=\"has-text-color has-link-color has-medium-font-size wp-elements-29a4ac40bb9238ffc5be25e95678b688\" style=\"color:#7e8184\">Im Einzelfall k\u00f6nnen Auftr\u00e4ge auch m\u00fcndlich, telefonisch oder per WhatsApp  erteilt werden, haben aber nur dann G\u00fcltigkeit, wenn der Auftragnehmer solche Auftr\u00e4ge schriftlich best\u00e4tigt hat. Eine solche Best\u00e4tigung kann auch in einem Rapportbuch oder Auftragsbuch festgehalten werden.<\/p>\n\n\n\n<p class=\"has-text-align-center has-text-color has-link-color has-medium-font-size wp-elements-60bddc87127fe444df73aefb90f7b1a4\" style=\"color:#7e8184\"><strong>8.<\/strong><\/p>\n\n\n\n<p class=\"has-text-color has-link-color has-medium-font-size wp-elements-59bf0454a947fe358b1b4a08a80ed0f6\" style=\"color:#7e8184\">Die Auftragserteilung an mich, ist immer ein Dienstleisterauftrag an einen Freiberufler. Alle Leistungen erbringe ich immer als Dienstleister in meiner Eigenschaft als Berater im Sinne eines Freiberuflers oder als beratender, freiberuflicher Planer, Coach oder Gastkoch. Auf alle von mir erbrachten Leistungen besteht Urheberrecht.<\/p>\n\n\n\n<p class=\"has-text-align-center has-text-color has-link-color has-medium-font-size wp-elements-d62298ed574bc1c543d6a0a91a45bf8d\" style=\"color:#7e8184\"><strong>9.<\/strong><\/p>\n\n\n\n<p class=\"has-text-color has-link-color has-medium-font-size wp-elements-c7dee494389e241e5098bf7fce91710f\" style=\"color:#7e8184\">Alle Zahlen und Betr\u00e4ge in meinen Unterlagen sind immer nur als Grundlage einer Kalkulation zu betrachten. Besonders Kostenkalkulationen und Rentabilit\u00e4tsberechnungen sind lediglich Einsch\u00e4tzungen und beruhen stets auf die beruflichen Erfahrungen des Auftragnehmers und k\u00f6nnen sich daher im Einzelnen zeitgem\u00e4\u00df noch \u00e4ndern. \u00dcberpr\u00fcfungen und verbindliche Aussagen \u00fcber kalkulierte Zahlen und Betr\u00e4ge, hat der Auftraggeber selbst oder durch seinen Steuerberater und\/oder Sonderfachleuten pr\u00fcfen zu lassen. <\/p>\n\n\n\n<p class=\"has-text-align-center has-text-color has-link-color has-medium-font-size wp-elements-5950fece34165f3aa2665d9f17d2dd41\" style=\"color:#7e8184\"><strong>10.<\/strong><\/p>\n\n\n\n<p class=\"has-text-color has-link-color has-medium-font-size wp-elements-92c8f9348ef309a48e2a2c4368fcf0ba\" style=\"color:#7e8184\">In meiner Eigenschaft als freiberuflicher Dienstleister, berechne ich alle Leistungen mit einem Honorar. Die Honorare f\u00fcr meine Leistungen sind jeweils der Preisliste zu entnehmen.<\/p>\n\n\n\n<p class=\"has-text-color has-link-color has-medium-font-size wp-elements-e9cbe183c38383fc65d16e627d82abce\" style=\"color:#7e8184\">10.1 Gastronomieberatungen, also umfangreiche und ausgiebige Erstberatungen pauschal, siehe Preisliste<\/p>\n\n\n\n<p class=\"has-text-color has-link-color has-medium-font-size wp-elements-71156b39af910b7512daed16e5b62e23\" style=\"color:#7e8184\">10.2 Premiumberatungen (15 Stunden) f\u00fcr Beratungen von Anfang bis zur Betriebser\u00f6ffnung, siehe Preisliste<\/p>\n\n\n\n<p class=\"has-text-color has-link-color has-medium-font-size wp-elements-2334127635c1b9a34348f8a97b9fc12e\" style=\"color:#7e8184\">10.3 Planung der Inneneinrichtung, inkl. \u00f6rtliches Aufma\u00df, bis 500 Pl\u00e4tze, siehe Preisliste<\/p>\n\n\n\n<p class=\"has-text-color has-link-color has-medium-font-size wp-elements-32ff5c3331c6e6a5cc5e567eaefb73ca\" style=\"color:#7e8184\">10.4 Planung Gewerbek\u00fcchen, inkl. \u00f6rtliches Aufma\u00df, bis 100 qm, siehe Preisliste<\/p>\n\n\n\n<p class=\"has-text-color has-link-color has-medium-font-size wp-elements-4d1c70257db653a5dc2f6f9299c86a19\" style=\"color:#7e8184\">10.5 Stunden als Berater, nach Aufwand pro Stunde, siehe Preisliste<\/p>\n\n\n\n<p class=\"has-text-color has-link-color has-medium-font-size wp-elements-8b82bad310922110684f010c50f56cd4\" style=\"color:#7e8184\">10.6 Stunde als Planer, nach Aufwand pro Stunde, siehe Preisliste<\/p>\n\n\n\n<p class=\"has-text-color has-link-color has-medium-font-size wp-elements-a9f25c255a2962319e2e6b72e7efe92f\" style=\"color:#7e8184\">10.7 Stunde als Gastkoch, nach Aufwand pro Stunde bis 22:00 Uhr, siehe Preisliste, nach 22:00 Uhr, Sonn- und Feiertage, siehe Preisliste<\/p>\n\n\n\n<p class=\"has-text-color has-link-color has-medium-font-size wp-elements-ba524889c497d02828cfc289ffb35b5a\" style=\"color:#7e8184\">10.8 Stunde als K\u00fcchenchef, nach Aufwand pro Stunde bis 22:00 Uhr, siehe Preislste<\/p>\n\n\n\n<p class=\"has-text-color has-link-color has-medium-font-size wp-elements-10d9bebc56aacb7c87d9d0d60287f445\" style=\"color:#7e8184\">10.9 Schulungen und Seminare werden nach Preislisten berechnet.<\/p>\n\n\n\n<p class=\"has-text-color has-link-color has-medium-font-size wp-elements-681a3689e7967a2ccf0307677b111e54\" style=\"color:#7e8184\">10.10 F\u00fcr Leistungen zwischen 20:00 Uhr und 8:00 Uhr, so wie Sonn- und Feiertage, berechne ich 200 % der angegeben Honorare, sofern nichts Anderes vereinbart ist.<\/p>\n\n\n\n<p class=\"has-text-color has-link-color has-medium-font-size wp-elements-8f1f3f98eddd2b334666ebb3c6a0155e\" style=\"color:#7e8184\">10.11 Auf alle Rechnungsbetr\u00e4ge werden 4 % der Rechnungssumme f\u00fcr administrative Nebenkostenpauschale berechnet. DIN A 0 Formate in Kopie werden extra mit 48,00 \u20ac pro St\u00fcck berechnet.<\/p>\n\n\n\n<p class=\"has-text-color has-link-color has-medium-font-size wp-elements-487e469f8ee5137de409d9a1c43623da\" style=\"color:#7e8184\">11.12 Auf allen Rechnungsbetr\u00e4gen wird eine 6%ige Energiekosten-Zuschlagspauschale der Rechnungssumme, f\u00fcr Strom, \u00d6le, Treibstoffe, Wartung, Verschlei\u00df und Ersatzteile usw. berechnet.<\/p>\n\n\n\n<p class=\"has-text-align-center has-text-color has-link-color has-medium-font-size wp-elements-31c1f31a59f8b7b8aae8b543ad43a14d\" style=\"color:#7e8184\"><strong>11.<\/strong><\/p>\n\n\n\n<p class=\"has-text-color has-link-color has-medium-font-size wp-elements-63780e8b41f3c2904d9e8f3cde38f92c\" style=\"color:#7e8184\">Da ich ein Freiberufler und Kleinunternehmer bin, werden alle Rechnungen ohne Mehrwertsteuer in Rechnung gestellt. Netto.<\/p>\n\n\n\n<p class=\"has-text-align-center has-text-color has-link-color has-medium-font-size wp-elements-a6926ace0de457807307b53dae98346d\" style=\"color:#7e8184\">12.<\/p>\n\n\n\n<p class=\"has-text-color has-link-color has-medium-font-size wp-elements-887cfe2c64595d9219bac1275aab68db\" style=\"color:#7e8184\">Bei jeder Auftragserteilung, ist jeweils eine frei zu vereinbarende und angemessene Anzahlung zu leisten. Diese ersetzt nicht das Schriftformerfordernis (siehe Nr. 6)<\/p>\n\n\n\n<p class=\"has-text-align-center has-text-color has-link-color has-medium-font-size wp-elements-ea0b5cef5f0661b146d5873b8d70381c\" style=\"color:#7e8184\"><strong>13.<\/strong><\/p>\n\n\n\n<p class=\"has-text-color has-link-color has-medium-font-size wp-elements-f95aade87fb95487170e59ea9982764c\" style=\"color:#7e8184\">W\u00e4hrend laufender Auftr\u00e4ge, ist der Auftragnehmer berechtigt, angemessene Akontozahlungen zu berechnen.<\/p>\n\n\n\n<p class=\"has-text-align-center has-text-color has-link-color has-medium-font-size wp-elements-ff904b70a1f4660570ec5953006a7feb\" style=\"color:#7e8184\"><strong>14.<\/strong><\/p>\n\n\n\n<p class=\"has-text-color has-link-color has-medium-font-size wp-elements-74d35918e809ff3acc24ea96cca87bfc\" style=\"color:#7e8184\">Alle Zahlungen haben nur dann befriedigende Wirkung, wenn sie in <strong>bar<\/strong> erfolgen oder via <strong>\u00dcberweisung<\/strong> oder <strong>PayPal<\/strong> beglichen werden. <\/p>\n\n\n\n<p class=\"has-text-align-center has-text-color has-link-color has-medium-font-size wp-elements-514e4709181434a4893f519ca9383c42\" style=\"color:#7e8184\"><strong>15.<\/strong><\/p>\n\n\n\n<p class=\"has-text-color has-link-color has-medium-font-size wp-elements-d928dbb7bcd988e3f5b8c70df53119ef\" style=\"color:#7e8184\">Werden erteilte oder bestehende Auftr\u00e4ge storniert oder beendet, gleich aus welchen Rechtsgrund, werden vom Auftragnehmer die bis dahin geleistete Dienstleistungen und begonnene Leistungen gem\u00e4\u00df den Preisen aus \u00a7 10 voll abgerechnet. Dar\u00fcber hinaus ist eine Stornogeb\u00fchr in H\u00f6he von 20 % des Auftragswertes vereinbart, f\u00fcr den Restauftrag, also nicht erbrachte Leistungen, als entgangenen Gewinn. Der Auftragnehmer hat in diesem Fall das Recht, die Stornogeb\u00fchr von geleisteten Zahlungen in Abzug zu bringen. \u00dcberzahlungen werden zur\u00fcck bezahlt.<\/p>\n\n\n\n<p class=\"has-text-align-center has-text-color has-link-color has-medium-font-size wp-elements-d679faa48cda4b6201fb060e1115a2ac\" style=\"color:#7e8184\"><strong>16.<\/strong><\/p>\n\n\n\n<p class=\"has-text-color has-link-color has-medium-font-size wp-elements-ccafc62721543f9448b343422658dfe6\" style=\"color:#7e8184\">Dem Auftragnehmer ist es freigestellt, Leistungen ganz oder teilweise einzustellen, wenn Rechnungen, gleich aus welchen Grund\/Rechtsgrund versp\u00e4tet, nicht oder nicht vollst\u00e4ndig bezahlt werden. In diesen F\u00e4llen stehen dem Auftraggeber zweifelsfrei keinerlei Anspr\u00fcche zu. Dem Auftragnehmer bleibt es ebenso freigestellt, in diesem Fall den Vertrag fristlos zu unterbrechen, zu einem sp\u00e4teren Zeitpunkt fortzuf\u00fchren und\/oder vollst\u00e4ndig zu beenden.<\/p>\n\n\n\n<p class=\"has-text-align-center has-text-color has-link-color has-medium-font-size wp-elements-acd51a38c218e929043c78a073724f01\" style=\"color:#7e8184\"><strong>17. <\/strong><\/p>\n\n\n\n<p class=\"has-text-color has-link-color has-medium-font-size wp-elements-9a60822fb6d607ee66d5ce7d129a9619\" style=\"color:#7e8184\">Der Auftragnehmer erf\u00fcllt alle ihm \u00fcbertragene Dienstleistungen nach bestem Wissen und Gewissen und nach den Regeln eines Vollkaufmannes. <\/p>\n\n\n\n<p class=\"has-text-align-center\"><strong>17.1<\/strong><\/p>\n\n\n\n<p class=\"has-text-color has-link-color has-medium-font-size wp-elements-6463b9ec064113222397b97523dbbdcc\" style=\"color:#7e8184\">Haftungen jeglicher Art, Ersatzanspr\u00fcche und Schadenersatzanspr\u00fcche, auch gegen\u00fcber Dritten,  sind ausdr\u00fccklich ausgeschlossen, da der Auftragnehmer immer nur als Berater t\u00e4tig ist. Insofern stellt der Auftraggeber den Auftragnehmer in jedem Fall von allen Haftungen und Anspr\u00fcchen gegen\u00fcber Dritten frei, da der Auftragnehmer, Dritten gegen\u00fcber stets im Namen und auf Rechnung des Auftraggebers auftritt und\/oder t\u00e4tig ist. <\/p>\n\n\n\n<p class=\"has-text-align-center has-text-color has-link-color has-medium-font-size wp-elements-617babe88690fe257337ce79a632f75e\" style=\"color:#6a6d6f\"><strong>17.2<\/strong><\/p>\n\n\n\n<p class=\"has-text-color has-link-color has-medium-font-size wp-elements-2ac932fb39e4982bd0a9e94b2ed662e0\" style=\"color:#6a6d6f\">Der Auftraggeber ist berechtigt, alle Bilder, Unterlagen, Projektfotos und Fotos von Personen, welche er selbst anfertigt hat,  im Internet auf seiner Website zu ver\u00f6ffentlichen und erh\u00e4lt mit Auftragserteilung vom Auftraggeber ausdr\u00fccklich dessen Erlaubnis und Genehmigung. Sollte der Auftraggeber dies im Einzelfall nicht w\u00fcnschen, muss er es dem Auftragnehmer schriftlich anzeigen\/mitteilen.<\/p>\n\n\n\n<p class=\"has-text-align-center has-text-color has-link-color has-medium-font-size wp-elements-2cb037f896fde7f6d4a2d2198f57b15c\" style=\"color:#757b81\"><strong>17.3<\/strong><\/p>\n\n\n\n<p class=\"has-text-color has-link-color has-medium-font-size wp-elements-0a8b067549de9931bf496b3c2381534a\" style=\"color:#7e8184\">Mit der Auftragserteilung stimmt der Auftraggeber allen beschriebenen Vereinbarung, und den vereinbarten Honoraren ebenso ausdr\u00fccklich zu, wie der Tatsache, dass er diese AGBs genauestens gelesen und verstanden hat. Er best\u00e4tigt ferner, dass alle relevanten Fakten und Umst\u00e4nde ausf\u00fchrlich und umfangreich besprochen sind, welche zur Entscheidungsfindung und der Auftragserteilung ma\u00dfgeblich waren, bzw. sind.<\/p>\n\n\n\n<p class=\"has-text-align-center has-text-color has-link-color has-medium-font-size wp-elements-bb968fba2c10275ee81830dd421adbb7\" style=\"color:#7e8184\"><strong>18.<\/strong><\/p>\n\n\n\n<p class=\"has-text-color has-link-color has-medium-font-size wp-elements-72dae6a57d6fb56dc01f4a6b7076c3d9\" style=\"color:#7e8184\">F\u00fcr alle \u00c4nderungen der Auftr\u00e4ge und Vereinbarungen ist Schriftformerfordernis vereinbart.<\/p>\n\n\n\n<p class=\"has-text-align-center has-text-color has-link-color has-medium-font-size wp-elements-687a2ccd2d3bec50d8be847021a603b4\" style=\"color:#7e8184\"><strong>19.<\/strong><\/p>\n\n\n\n<p class=\"has-text-color has-link-color has-medium-font-size wp-elements-73f645c113af9147686c3b78961e384b\" style=\"color:#7e8184\">Als Gerichtstand ist der Sitz des Auftragnehmers vereinbart.<\/p>\n\n\n\n<p class=\"has-text-align-center has-text-color has-link-color has-medium-font-size wp-elements-94846c9620272e979aac445b84fe25df\" style=\"color:#7e8184\"><strong>20.<\/strong><\/p>\n\n\n\n<p class=\"has-text-color has-link-color has-medium-font-size wp-elements-aa7631e16f3799fc14f4eb41ecbc6199\" style=\"color:#7e8184\">Sollte einer dieser AGB-Bestimmungen ung\u00fcltig werden, so bleibt der Rest weiterhin g\u00fcltig. Die ung\u00fcltig gewordene Bestimmung ist dann nach Treu und Glauben erg\u00e4nzt so auszulegen, dass sie dem gewollten Zweck am n\u00e4hesten kommt. Im \u00dcbrigen geltend die jeweils aktuellen Bestimmungen des BGB erg\u00e4nzend.<\/p>\n\n\n\n<p class=\"has-text-color has-link-color wp-elements-c0b69a4f2d67ae147d2583e3d3120d2b\" style=\"color:#7e8184\">Ende der AGB.<\/p>\n\n\n\n<p class=\"has-text-color has-link-color has-small-font-size wp-elements-f81935a79bd63488abb9b11fe0a56db7\" style=\"color:#7e8184\">Stand 10\/23<\/p>\n\n\n\n<p class=\"has-text-align-center has-text-color has-link-color has-large-font-size wp-elements-3a29bf4f47ce8614e8d00edb10954f2c\" style=\"color:#7e8184\"><strong>Datenschutz:<\/strong><\/p>\n\n\n\n<p class=\"has-text-color has-link-color wp-elements-c624034470120c3bf41148fa4e36fd16\" style=\"color:#7e8184\">Die Datenschutzbestimmungen folgend in K\u00fcrze. Bis dahin gelten die gesetzlichen Datenschutzbestimmungen<\/p>\n","protected":false},"excerpt":{"rendered":"<p>AGB: 1. Jedes Angebot von mir ist freibleibend und nur f\u00fcr den Empf\u00e4nger selbst bestimmt und d\u00fcrfen daher nicht ohne meine Zustimmung an Dritte weitergegeben werden. 2. Von mir angebotene Einrichtungsgegenst\u00e4nde, Maschinen und Ger\u00e4te sind nur insoweit bindend, sofern diese jeweils lieferbar sind. Insofern bleiben \u00c4nderungen vorbehalten. 3. In von mir erstellten und gefertigten Pl\u00e4ne, [&hellip;]<\/p>\n","protected":false},"author":1,"featured_media":0,"parent":0,"menu_order":0,"comment_status":"closed","ping_status":"closed","template":"","meta":{"footnotes":""},"_links":{"self":[{"href":"https:\/\/www.dergastrofuchs.de\/index.php?rest_route=\/wp\/v2\/pages\/35"}],"collection":[{"href":"https:\/\/www.dergastrofuchs.de\/index.php?rest_route=\/wp\/v2\/pages"}],"about":[{"href":"https:\/\/www.dergastrofuchs.de\/index.php?rest_route=\/wp\/v2\/types\/page"}],"author":[{"embeddable":true,"href":"https:\/\/www.dergastrofuchs.de\/index.php?rest_route=\/wp\/v2\/users\/1"}],"replies":[{"embeddable":true,"href":"https:\/\/www.dergastrofuchs.de\/index.php?rest_route=%2Fwp%2Fv2%2Fcomments&post=35"}],"version-history":[{"count":16,"href":"https:\/\/www.dergastrofuchs.de\/index.php?rest_route=\/wp\/v2\/pages\/35\/revisions"}],"predecessor-version":[{"id":717,"href":"https:\/\/www.dergastrofuchs.de\/index.php?rest_route=\/wp\/v2\/pages\/35\/revisions\/717"}],"wp:attachment":[{"href":"https:\/\/www.dergastrofuchs.de\/index.php?rest_route=%2Fwp%2Fv2%2Fmedia&parent=35"}],"curies":[{"name":"wp","href":"https:\/\/api.w.org\/{rel}","templated":true}]}}