{"id":659,"date":"2024-06-26T13:12:02","date_gmt":"2024-06-26T13:12:02","guid":{"rendered":"https:\/\/www.dergastrofuchs.de\/?page_id=659"},"modified":"2024-06-26T13:42:06","modified_gmt":"2024-06-26T13:42:06","slug":"einrichter-dekorateur","status":"publish","type":"page","link":"https:\/\/www.dergastrofuchs.de\/?page_id=659","title":{"rendered":"Einrichter-Dekorateur"},"content":{"rendered":"\n<p class=\"has-vivid-red-color has-text-color has-link-color has-medium-font-size wp-elements-41b75d51cf20c0b4d1f56d01abc1f48c\">Sie suchen Ideen und Vorschl\u00e4ge f\u00fcr die Gastronomieeinrichtung und stellen sich eine besondere Dekoration vor?<\/p>\n\n\n\n<p class=\"has-text-color has-link-color has-medium-font-size wp-elements-7e5cdbc45ffdf8e0423529f5e3776b98\" style=\"color:#f60909\"><strong>Gerne dekoriere ich f\u00fcr Sie Ihr Restaurant, Lokal, Caff\u00e8 oder Ihr Hotel.<\/strong><\/p>\n\n\n\n<p class=\"has-vivid-red-color has-text-color has-link-color wp-elements-14f02a97521126d9dc96e1b4c2585c8d\">Ich unterbreite Ihnen konzeptionell ad\u00e4quate Vorschl\u00e4ger der Einrichtung, Wand- und Deckengestaltung, Tischw\u00e4sche und Tischdekorationen, sowie allgemeine M\u00f6belausstattung, Bars, Theken, Gl\u00e4serschr\u00e4nke, Decken- und Wandpaneele, Trennw\u00e4nde und Fenster aus Sicherheitsglas. mit und ohne Dekors.<\/p>\n\n\n\n<p class=\"has-vivid-red-color has-text-color has-link-color wp-elements-d8aececd37b53df8e2eb062f3ecb6cf9\">Au\u00dferdem k\u00fcmmere ich mich um Bilder, Dekorationsst\u00fccke, Spiegel und Blumenschmuck.<\/p>\n\n\n\n<p class=\"has-vivid-red-color has-text-color has-link-color wp-elements-151d1ca732563d55e5b0b44773fe1b5e\">Alles, was es f\u00fcr eine stimmige Ausstattung und einer angenehmen Atmosph\u00e4re, passend zu Ihrem Gesamtkonzept braucht.<\/p>\n\n\n\n<p class=\"has-vivid-red-color has-text-color has-link-color wp-elements-4956f22dee3c5627854e81173724ab53\">Ich k\u00fcmmere mich darum!<\/p>\n\n\n\n<p class=\"has-vivid-red-color has-text-color has-link-color wp-elements-36fc7cb1f2f2538dc344390db885b4bb\">Rufen Sie einfach an und ich komme zeitnah bei Ihnen vorbei, f\u00fchre eine erste &#8211; f\u00fcr Sie &#8211; kostenfreie Sichtung und Ortsbegehung durch und unterbreite Ihnen bereits  hier, m\u00f6glich Vorschlagsversionen der Innen- und Au\u00dfengestaltung.<\/p>\n\n\n\n<p class=\"has-text-color has-link-color has-medium-font-size wp-elements-b424610e857daa89f64e87321ef233a1\" style=\"color:#fa0404\"><strong>Anruf gen\u00fcgt: 0152 &#8211; 1330 5585<\/strong><\/p>\n\n\n\n<p class=\"has-vivid-green-cyan-color has-text-color has-link-color wp-elements-34b7336eaf0f8c2a488513d43c2648b7\"><strong><em>Ihr Ronald Christ<\/em><\/strong><\/p>\n","protected":false},"excerpt":{"rendered":"<p>Sie suchen Ideen und Vorschl\u00e4ge f\u00fcr die Gastronomieeinrichtung und stellen sich eine besondere Dekoration vor? Gerne dekoriere ich f\u00fcr Sie Ihr Restaurant, Lokal, Caff\u00e8 oder Ihr Hotel. Ich unterbreite Ihnen konzeptionell ad\u00e4quate Vorschl\u00e4ger der Einrichtung, Wand- und Deckengestaltung, Tischw\u00e4sche und Tischdekorationen, sowie allgemeine M\u00f6belausstattung, Bars, Theken, Gl\u00e4serschr\u00e4nke, Decken- und Wandpaneele, Trennw\u00e4nde und Fenster aus Sicherheitsglas. [&hellip;]<\/p>\n","protected":false},"author":1,"featured_media":0,"parent":0,"menu_order":0,"comment_status":"closed","ping_status":"closed","template":"","meta":{"footnotes":""},"_links":{"self":[{"href":"https:\/\/www.dergastrofuchs.de\/index.php?rest_route=\/wp\/v2\/pages\/659"}],"collection":[{"href":"https:\/\/www.dergastrofuchs.de\/index.php?rest_route=\/wp\/v2\/pages"}],"about":[{"href":"https:\/\/www.dergastrofuchs.de\/index.php?rest_route=\/wp\/v2\/types\/page"}],"author":[{"embeddable":true,"href":"https:\/\/www.dergastrofuchs.de\/index.php?rest_route=\/wp\/v2\/users\/1"}],"replies":[{"embeddable":true,"href":"https:\/\/www.dergastrofuchs.de\/index.php?rest_route=%2Fwp%2Fv2%2Fcomments&post=659"}],"version-history":[{"count":3,"href":"https:\/\/www.dergastrofuchs.de\/index.php?rest_route=\/wp\/v2\/pages\/659\/revisions"}],"predecessor-version":[{"id":679,"href":"https:\/\/www.dergastrofuchs.de\/index.php?rest_route=\/wp\/v2\/pages\/659\/revisions\/679"}],"wp:attachment":[{"href":"https:\/\/www.dergastrofuchs.de\/index.php?rest_route=%2Fwp%2Fv2%2Fmedia&parent=659"}],"curies":[{"name":"wp","href":"https:\/\/api.w.org\/{rel}","templated":true}]}}