{"id":660,"date":"2024-06-26T13:12:02","date_gmt":"2024-06-26T13:12:02","guid":{"rendered":"https:\/\/www.dergastrofuchs.de\/?page_id=660"},"modified":"2024-07-01T10:30:22","modified_gmt":"2024-07-01T10:30:22","slug":"gastromanagement","status":"publish","type":"page","link":"https:\/\/www.dergastrofuchs.de\/?page_id=660","title":{"rendered":"Gastromanagement"},"content":{"rendered":"<div class=\"wp-block-image\">\n<figure class=\"aligncenter size-full is-resized\"><img loading=\"lazy\" decoding=\"async\" width=\"472\" height=\"295\" src=\"https:\/\/www.dergastrofuchs.de\/wp-content\/uploads\/2024\/07\/GF-Logo.jpg\" alt=\"\" class=\"wp-image-694\" style=\"width:558px;height:auto\" srcset=\"https:\/\/www.dergastrofuchs.de\/wp-content\/uploads\/2024\/07\/GF-Logo.jpg 472w, https:\/\/www.dergastrofuchs.de\/wp-content\/uploads\/2024\/07\/GF-Logo-300x188.jpg 300w\" sizes=\"(max-width: 472px) 100vw, 472px\" \/><\/figure><\/div>\n\n\n<p class=\"has-text-color has-link-color has-medium-font-size wp-elements-0b9f994bd189f334100aefd7c603529f\" style=\"color:#fa0101\"><strong>Sie k\u00f6nnen Ihren Gastronomischen Betrieb oder Ihr Hotel nicht mehr pers\u00f6nlich leiten?<\/strong><\/p>\n\n\n\n<p class=\"has-text-color has-link-color has-medium-font-size wp-elements-719b108b0d2dd71fd0e561151da319f9\" style=\"color:#fa0606\"><strong>Aus Altersgr\u00fcnden, wegen Krankheit oder Sie brauchen jemanden, der Sie mit der Betriebsleitung im Urlaub vertritt?<\/strong><\/p>\n\n\n\n<p class=\"has-text-color has-link-color has-medium-font-size wp-elements-4be0778b510e7fe4c8b31dffab4d09c5\" style=\"color:#fa0202\"><strong>Oder Sie sind Rechtsanwalt oder Insolvenzverwalter und ben\u00f6tigen einen zuverl\u00e4ssigen Partner vor Ort?<\/strong> Einen <strong>kommissarischen Treuhand-Gesch\u00e4ftsf\u00fchrer<\/strong>, der Ihnen hilft einen \u00dcberblick zu erhalten, Sie mit Infos und Fakten versorgt und der den Betrieb im operativen Gesch\u00e4ft zun\u00e4chst weiterf\u00fchrt?<\/p>\n\n\n\n<p class=\"has-text-color has-link-color has-medium-font-size wp-elements-afbec8fd9a5349d5229ec0357cb0e42b\" style=\"color:#44b024\">Ich \u00fcbernehme <strong>Treuhand-Gesch\u00e4ftsf\u00fchrungen<\/strong> f\u00fcr alle gastronomischen Betriebe, Hotels, so wie auch f\u00fcr Hochbauunternehmungen.<\/p>\n\n\n\n<p class=\"has-vivid-red-color has-text-color has-link-color has-medium-font-size wp-elements-2b0f1ee4ec26c90b8d7cf74c882f1ef8\">Zeitlich begrenzt, l\u00e4ngerfristig, vertretungsaktiv und\/oder kommissarisch.<\/p>\n\n\n\n<p class=\"has-vivid-red-color has-text-color has-link-color has-medium-font-size wp-elements-fd88cbbd4c83de3277aaaca92119f0b2\">Ich bringe \u00fcber 40 Jahre Berufserfahrung mit, bin flexibel, einsatzbereit, ehrlich und zuverl\u00e4ssig und verf\u00fcge \u00fcber Durchsetzungsverm\u00f6gen.<\/p>\n\n\n\n<p class=\"has-vivid-red-color has-text-color has-link-color has-medium-font-size wp-elements-097aac45dc592f64c9aa2f067e80be92\">Ich bringe ausgepr\u00e4gte F\u00e4higkeiten als Gesch\u00e4ftsf\u00fchrer, B\u00fcrovorsteher, im aktiven Alltagsgesch\u00e4ft einer K\u00fcche und\/oder Gro\u00dfk\u00fcche mit, wobei aktive, impulsgebende und ergebnisorientierte wie effiziente  Koch- und Organisationsf\u00e4higkeiten mit abgedeckt sind, ich verf\u00fcge \u00fcber Personalf\u00fchrungsqualit\u00e4ten, beherrsche die fachbezogene Kalkulation und das Einkaufsmanagement, erstelle Einsatzpl\u00e4ne, mache die Buchhaltung und bin verhandlungssicher gegen\u00fcber dem Personal, Lieferanten und Beh\u00f6rden.<\/p>\n\n\n\n<p class=\"has-text-color has-link-color has-medium-font-size wp-elements-9d0b9109e41ace67e12b5ef41c3951d8\" style=\"color:#fd0202\">Kurz: ich bringe alle Voraussetzungen mit, Sie in Ihrer Abwesenheit w\u00fcrdig zu vertreten.<\/p>\n\n\n\n<p class=\"has-vivid-red-color has-text-color has-link-color has-medium-font-size wp-elements-b70b12e66b3f5d72e16133afc3d3afc6\">Und dabei habe ich stets den betrieblichen Erfolg, den Kostenfaktor und das Wohl Ihres Betriebes im Sinn.<\/p>\n\n\n\n<p class=\"has-vivid-red-color has-text-color has-link-color has-medium-font-size wp-elements-f9584434745e87c8b99ebe5312e03de3\"><strong>Ben\u00f6tigen Sie bei Abwesenheit eine fachlich kompetente Vertretung?<\/strong><\/p>\n\n\n\n<p class=\"has-vivid-red-color has-text-color has-link-color has-medium-font-size wp-elements-ddc48aabf8c695eb18326062a486575b\">Dann nehmen Sie mit mir Kontakt auf.<\/p>\n\n\n\n<p class=\"has-vivid-red-color has-text-color has-link-color has-medium-font-size wp-elements-772b366954ccaff6dfb7497cdd5046c2\">Ich berate Sie gerne und unterbreite Ihnen ein ad\u00e4quates Angebot.<\/p>\n\n\n\n<p class=\"has-vivid-red-color has-text-color has-link-color has-medium-font-size wp-elements-a014474abb7b107d218264db9b8a2aa4\"><strong>Oder sind Sie krank?<\/strong><\/p>\n\n\n\n<p class=\"has-vivid-red-color has-text-color has-link-color has-medium-font-size wp-elements-d28cb83880724581657805a3bbfeb1dc\">Kein Problem, rufen Sie an und ich komme direkt zu Ihnen!<\/p>\n\n\n\n<p class=\"has-vivid-red-color has-text-color has-link-color has-medium-font-size wp-elements-171ef69ede0a336fe80965c7020fe69e\"><strong>Oder ist der Betriebsinhaber pl\u00f6tzlich verstorben und nun stehen Sie alleine da?<\/strong><\/p>\n\n\n\n<p class=\"has-vivid-red-color has-text-color has-link-color has-medium-font-size wp-elements-994889c5c9c387ce2995fc45ecdf2894\">Rufen Sie mich an! Ich komme sofort und springe ein, damit Sie sich um Ihre Trauerbew\u00e4ltigung k\u00fcmmern k\u00f6nnen und vom Betrieb erstmal Abstand haben, ohne, dass was anbrennen kann oder Sie sich Sorgen machen m\u00fcssen.<\/p>\n\n\n\n<p class=\"has-text-color has-link-color has-medium-font-size wp-elements-d1c01a93a55834b9e034472be33ad0f5\" style=\"color:#fa0202\"><strong>Ich bin sofort f\u00fcr Sie da!<\/strong><\/p>\n\n\n\n<p class=\"has-vivid-red-color has-text-color has-link-color has-medium-font-size wp-elements-6149469343a21cf3b849343220e057dc\"><strong>\u00dcberlassen Sie die Leitung Ihres Betriebes in Ihrer Abwesenheit nicht einfach Personen, die es zwar gut meinen, aber nicht \u00fcber die erforderliche Qualifikation verf\u00fcgen oder nur, weil Sie ihnen etwa vertrauen.<\/strong><\/p>\n\n\n\n<p class=\"has-text-color has-link-color has-medium-font-size wp-elements-b771778d1383f0882111c241590e3ff5\" style=\"color:#f90505\"><strong>Legen Sie w\u00e4hren Ihrer Abwesenheit die Geschicke Ihres Betriebes in qualifizierte, berufserfahrene und geeignete H\u00e4nde.<\/strong><\/p>\n\n\n\n<p class=\"has-vivid-red-color has-text-color has-link-color has-medium-font-size wp-elements-1ca1efa0f64e3de7e696cc63d26c203e\">So gehen Sie unn\u00f6tigen Sorgen aus dem Weg und k\u00f6nnen sich voll und ganz auf Ihre Genesung, Ihren Urlaub , Ihre Nachfolgersuche oder Ihrer Trauer konzentrieren.<\/p>\n\n\n\n<p class=\"has-vivid-red-color has-text-color has-link-color has-medium-font-size wp-elements-58431783b2aa03b5e5d875725140c650\">Als kommissarischer Treuhand-Gesch\u00e4ftsf\u00fchrer k\u00fcmmere ich mich um alles und erstatte regelm\u00e4\u00dfig Bericht.<\/p>\n\n\n\n<p class=\"has-text-color has-link-color has-medium-font-size wp-elements-1b3d57e3c53eaca7c7617844354ef0b7\" style=\"color:#4bae21\"><strong><em>Ihr Vertrauen ist meine Grundlage! <\/em><\/strong><\/p>\n\n\n\n<p class=\"has-text-color has-link-color has-medium-font-size wp-elements-3d1dea01e45a6efddcba17834d335cf1\" style=\"color:#4bae21\"><strong><em>Meine Leistungen sind Ihre Sicherheit!<\/em><\/strong><\/p>\n\n\n\n<p class=\"has-text-color has-link-color has-medium-font-size wp-elements-a933c67a0b6cad8ed12ffd52b2972351\" style=\"color:#fb0404\"><strong>Einfach anrufen! 0152 &#8211; 1330 5585<\/strong><\/p>\n\n\n\n<p class=\"has-vivid-red-color has-text-color has-link-color has-medium-font-size wp-elements-51cfee1f7ae271a5f213d9377cf5d689\"><em>Ihr Ronald Christ<\/em><\/p>\n\n\n\n<p class=\"has-vivid-red-color has-text-color has-link-color has-medium-font-size wp-elements-74b72c5ccafab556b8a4f57b4c77acf1\"><strong>Treuhand-Gesch\u00e4ftsf\u00fchrer<\/strong><\/p>\n\n\n\n<p class=\"has-vivid-red-color has-text-color has-link-color wp-elements-5cb7c4ad513aebce5bad85e76e519be7\">Ma\u00eetre de Cuisine, Ausbilder f\u00fcr K\u00f6che und Restaurantfachleute, wie B\u00fcrokaufleute, <\/p>\n\n\n\n<p><\/p>\n\n\n\n<p><\/p>\n","protected":false},"excerpt":{"rendered":"<p>Sie k\u00f6nnen Ihren Gastronomischen Betrieb oder Ihr Hotel nicht mehr pers\u00f6nlich leiten? Aus Altersgr\u00fcnden, wegen Krankheit oder Sie brauchen jemanden, der Sie mit der Betriebsleitung im Urlaub vertritt? Oder Sie sind Rechtsanwalt oder Insolvenzverwalter und ben\u00f6tigen einen zuverl\u00e4ssigen Partner vor Ort? Einen kommissarischen Treuhand-Gesch\u00e4ftsf\u00fchrer, der Ihnen hilft einen \u00dcberblick zu erhalten, Sie mit Infos und [&hellip;]<\/p>\n","protected":false},"author":1,"featured_media":0,"parent":0,"menu_order":0,"comment_status":"closed","ping_status":"closed","template":"","meta":{"footnotes":""},"_links":{"self":[{"href":"https:\/\/www.dergastrofuchs.de\/index.php?rest_route=\/wp\/v2\/pages\/660"}],"collection":[{"href":"https:\/\/www.dergastrofuchs.de\/index.php?rest_route=\/wp\/v2\/pages"}],"about":[{"href":"https:\/\/www.dergastrofuchs.de\/index.php?rest_route=\/wp\/v2\/types\/page"}],"author":[{"embeddable":true,"href":"https:\/\/www.dergastrofuchs.de\/index.php?rest_route=\/wp\/v2\/users\/1"}],"replies":[{"embeddable":true,"href":"https:\/\/www.dergastrofuchs.de\/index.php?rest_route=%2Fwp%2Fv2%2Fcomments&post=660"}],"version-history":[{"count":8,"href":"https:\/\/www.dergastrofuchs.de\/index.php?rest_route=\/wp\/v2\/pages\/660\/revisions"}],"predecessor-version":[{"id":700,"href":"https:\/\/www.dergastrofuchs.de\/index.php?rest_route=\/wp\/v2\/pages\/660\/revisions\/700"}],"wp:attachment":[{"href":"https:\/\/www.dergastrofuchs.de\/index.php?rest_route=%2Fwp%2Fv2%2Fmedia&parent=660"}],"curies":[{"name":"wp","href":"https:\/\/api.w.org\/{rel}","templated":true}]}}