{"id":661,"date":"2024-06-26T13:12:02","date_gmt":"2024-06-26T13:12:02","guid":{"rendered":"https:\/\/www.dergastrofuchs.de\/?page_id=661"},"modified":"2024-06-26T14:11:28","modified_gmt":"2024-06-26T14:11:28","slug":"gastro-unternehmensberatung","status":"publish","type":"page","link":"https:\/\/www.dergastrofuchs.de\/?page_id=661","title":{"rendered":"Gastro-Unternehmensberatung"},"content":{"rendered":"\n<p class=\"has-vivid-red-color has-text-color has-link-color has-medium-font-size wp-elements-072df9c6b415e913885c6ed09b218687\">Sie sind &#8222;Quereinsteiger&#8220; &#8220; oder &#8222;Neuling&#8220; in der Gastronomie und ben\u00f6tigen Hilfe?<\/p>\n\n\n\n<p class=\"has-vivid-red-color has-text-color has-link-color has-medium-font-size wp-elements-00b6accb96b60cc3fd12d414d5cbf37f\">Ich biete Ihnen eine <strong>Gastronomie-Unternehmensberatung <\/strong>an.<\/p>\n\n\n\n<p class=\"has-vivid-red-color has-text-color has-link-color has-medium-font-size wp-elements-947b2f4ce424268384b9662080d98ac7\">So erhalten Sie fachliche Hilfe in allen relevanten Bereichen der Gastronomie von Seiten des Unternehmers gesehen.<\/p>\n\n\n\n<p class=\"has-vivid-red-color has-text-color has-link-color has-medium-font-size wp-elements-a36796165522da371287fae00ddcf174\">Das hei\u00dft Enkaufsmanagement, Kalkulation, Personalwesen, Buchhaltung, K\u00fcchenabl\u00e4ufe und Service, Kassentechniken usw..<\/p>\n\n\n\n<p class=\"has-vivid-red-color has-text-color has-link-color has-medium-font-size wp-elements-8cc0e4527bb26d421adb8afea98359b6\">Alles, was f\u00fcr die Funktion eines gastronomischen Betriebes erforderlich ist, um ihn zum Erfolg zu f\u00fchren.<\/p>\n\n\n\n<p class=\"has-vivid-red-color has-text-color has-link-color has-medium-font-size wp-elements-3b9f936302abcfe3b5cdb6943012025e\"><strong>Einfach anrufen!     Die Erstberatung ist kostenfrei!     0152 &#8211; 1330 5585 <\/strong><\/p>\n\n\n\n<p><strong><em>Ihr Ronald Christ, Der Gastrofuchs<\/em><\/strong><\/p>\n\n\n\n<p><\/p>\n","protected":false},"excerpt":{"rendered":"<p>Sie sind &#8222;Quereinsteiger&#8220; &#8220; oder &#8222;Neuling&#8220; in der Gastronomie und ben\u00f6tigen Hilfe? Ich biete Ihnen eine Gastronomie-Unternehmensberatung an. So erhalten Sie fachliche Hilfe in allen relevanten Bereichen der Gastronomie von Seiten des Unternehmers gesehen. Das hei\u00dft Enkaufsmanagement, Kalkulation, Personalwesen, Buchhaltung, K\u00fcchenabl\u00e4ufe und Service, Kassentechniken usw.. Alles, was f\u00fcr die Funktion eines gastronomischen Betriebes erforderlich ist, [&hellip;]<\/p>\n","protected":false},"author":1,"featured_media":0,"parent":0,"menu_order":0,"comment_status":"closed","ping_status":"closed","template":"","meta":{"footnotes":""},"_links":{"self":[{"href":"https:\/\/www.dergastrofuchs.de\/index.php?rest_route=\/wp\/v2\/pages\/661"}],"collection":[{"href":"https:\/\/www.dergastrofuchs.de\/index.php?rest_route=\/wp\/v2\/pages"}],"about":[{"href":"https:\/\/www.dergastrofuchs.de\/index.php?rest_route=\/wp\/v2\/types\/page"}],"author":[{"embeddable":true,"href":"https:\/\/www.dergastrofuchs.de\/index.php?rest_route=\/wp\/v2\/users\/1"}],"replies":[{"embeddable":true,"href":"https:\/\/www.dergastrofuchs.de\/index.php?rest_route=%2Fwp%2Fv2%2Fcomments&post=661"}],"version-history":[{"count":3,"href":"https:\/\/www.dergastrofuchs.de\/index.php?rest_route=\/wp\/v2\/pages\/661\/revisions"}],"predecessor-version":[{"id":691,"href":"https:\/\/www.dergastrofuchs.de\/index.php?rest_route=\/wp\/v2\/pages\/661\/revisions\/691"}],"wp:attachment":[{"href":"https:\/\/www.dergastrofuchs.de\/index.php?rest_route=%2Fwp%2Fv2%2Fmedia&parent=661"}],"curies":[{"name":"wp","href":"https:\/\/api.w.org\/{rel}","templated":true}]}}