{"id":662,"date":"2024-06-26T13:12:02","date_gmt":"2024-06-26T13:12:02","guid":{"rendered":"https:\/\/www.dergastrofuchs.de\/?page_id=662"},"modified":"2024-06-26T14:03:34","modified_gmt":"2024-06-26T14:03:34","slug":"werbung-grafiken","status":"publish","type":"page","link":"https:\/\/www.dergastrofuchs.de\/?page_id=662","title":{"rendered":"Werbung-Grafiken"},"content":{"rendered":"<div class=\"wp-block-image\">\n<figure class=\"aligncenter size-full is-resized\"><img loading=\"lazy\" decoding=\"async\" width=\"169\" height=\"112\" src=\"https:\/\/www.dergastrofuchs.de\/wp-content\/uploads\/2024\/06\/image.png\" alt=\"\" class=\"wp-image-680\" style=\"width:257px;height:auto\"\/><\/figure><\/div>\n\n\n<p class=\"has-vivid-red-color has-text-color has-link-color has-medium-font-size wp-elements-2de6bc3ca16660adb00d4edfa44d21e8\">Sie ben\u00f6tigen f\u00fcr Ihren gastronomischen Betrieb eine schlagkr\u00e4ftige Werbung?<\/p>\n\n\n\n<div class=\"wp-block-group is-layout-constrained wp-block-group-is-layout-constrained\"><div class=\"wp-block-group__inner-container\">\n<ul>\n<li class=\"has-medium-font-size\">Sie w\u00fcnschen sich webetechnisch einen Widererkennungswert in der Darstellung?<\/li>\n\n\n\n<li class=\"has-medium-font-size\">Sie m\u00f6chten ein eigenes LOGO f\u00fcr Ihren Betrieb?<\/li>\n\n\n\n<li class=\"has-medium-font-size\">Sie wollen eine speziell angelegte Werbekampagne starten und eine breite Leserschaft zu erreichen?<\/li>\n\n\n\n<li class=\"has-medium-font-size\">Sie ben\u00f6tigen Flyer?<\/li>\n\n\n\n<li class=\"has-medium-font-size\">Sie brauchen Visitenkarten?<\/li>\n\n\n\n<li class=\"has-medium-font-size\">Sie m\u00f6chten eine Website einrichten?<\/li>\n\n\n\n<li class=\"has-medium-font-size\">Sie m\u00f6chten Ihren Betrieb werbetechnisch \u00e4u\u00dferlich neu gestalten?<\/li>\n\n\n\n<li class=\"has-medium-font-size\">&#8230; oder Sie haben sonstige werbebezogene eigene Ideen, welche Sie in die Tat umsetzen wollen?<\/li>\n<\/ul>\n\n\n\n<p class=\"has-vivid-red-color has-text-color has-link-color wp-elements-464c40ff2e0b45b8057c1d5821d9d59a\">F\u00fcr alle diese Bereiche bin ich Ihr kompetenter Ansprechpartner!<\/p>\n<\/div><\/div>\n\n\n\n<p class=\"has-vivid-red-color has-text-color has-link-color wp-elements-bdf4a088db0e0eea44a3f3ae008c550c\">Ich arbeite schnell, effizient und preiswert.<\/p>\n\n\n\n<p class=\"has-vivid-red-color has-text-color has-link-color wp-elements-b9a0952719bb2dd599ba567ae26f84e6\">Rufen Sie mich an. Ich komme zeitnah und werde all Ihre Gedanken mit Ihnen besprechen, sie Filtern und in Verbindung mit einer \u00f6rtlichen Analyse diese in die Realit\u00e4t umsetzen.<\/p>\n\n\n\n<p class=\"has-vivid-red-color has-text-color has-link-color wp-elements-c19c48556052c10e21463d6c04713d1b\">Auch liefere ich Ihnen das gesamte Paket Flyer, Visitenkarten, Werbebanner, Plakate, Speisekarten, Speisekarten-K\u00e4sten wandh\u00e4ngend oder freistehend, mit und ohne Beleuchtung und Werbekampagnen. und<\/p>\n\n\n\n<p class=\"has-vivid-red-color has-text-color has-link-color wp-elements-952ba67278eaac894d50e7a6c6c685a8\">Au\u00dferdem erstelle Ihre eigene Website und bringe Ihren Betrieb in die einschl\u00e4gigen Internetmedien.<\/p>\n\n\n\n<p class=\"has-text-color has-link-color has-medium-font-size wp-elements-a2f2320d4c6c2466d62451be833ebd7c\" style=\"color:#fa0404\"><strong>Einfach anrufen 0152 -1330 5585.<\/strong><\/p>\n\n\n\n<p class=\"has-vivid-red-color has-text-color has-link-color wp-elements-c851186742e2ce1dafae6a05b46cc5a1\">Ich k\u00fcmmere mich drum.<\/p>\n\n\n\n<p class=\"has-vivid-green-cyan-color has-text-color has-link-color wp-elements-34b7336eaf0f8c2a488513d43c2648b7\"><strong><em>Ihr Ronald Christ<\/em><\/strong><\/p>\n\n\n\n<p><\/p>\n","protected":false},"excerpt":{"rendered":"<p>Sie ben\u00f6tigen f\u00fcr Ihren gastronomischen Betrieb eine schlagkr\u00e4ftige Werbung? F\u00fcr alle diese Bereiche bin ich Ihr kompetenter Ansprechpartner! Ich arbeite schnell, effizient und preiswert. Rufen Sie mich an. Ich komme zeitnah und werde all Ihre Gedanken mit Ihnen besprechen, sie Filtern und in Verbindung mit einer \u00f6rtlichen Analyse diese in die Realit\u00e4t umsetzen. Auch liefere [&hellip;]<\/p>\n","protected":false},"author":1,"featured_media":0,"parent":0,"menu_order":0,"comment_status":"closed","ping_status":"closed","template":"","meta":{"footnotes":""},"_links":{"self":[{"href":"https:\/\/www.dergastrofuchs.de\/index.php?rest_route=\/wp\/v2\/pages\/662"}],"collection":[{"href":"https:\/\/www.dergastrofuchs.de\/index.php?rest_route=\/wp\/v2\/pages"}],"about":[{"href":"https:\/\/www.dergastrofuchs.de\/index.php?rest_route=\/wp\/v2\/types\/page"}],"author":[{"embeddable":true,"href":"https:\/\/www.dergastrofuchs.de\/index.php?rest_route=\/wp\/v2\/users\/1"}],"replies":[{"embeddable":true,"href":"https:\/\/www.dergastrofuchs.de\/index.php?rest_route=%2Fwp%2Fv2%2Fcomments&post=662"}],"version-history":[{"count":5,"href":"https:\/\/www.dergastrofuchs.de\/index.php?rest_route=\/wp\/v2\/pages\/662\/revisions"}],"predecessor-version":[{"id":689,"href":"https:\/\/www.dergastrofuchs.de\/index.php?rest_route=\/wp\/v2\/pages\/662\/revisions\/689"}],"wp:attachment":[{"href":"https:\/\/www.dergastrofuchs.de\/index.php?rest_route=%2Fwp%2Fv2%2Fmedia&parent=662"}],"curies":[{"name":"wp","href":"https:\/\/api.w.org\/{rel}","templated":true}]}}