{"id":863,"date":"2025-02-28T11:11:50","date_gmt":"2025-02-28T11:11:50","guid":{"rendered":"https:\/\/www.dergastrofuchs.de\/?page_id=863"},"modified":"2025-05-06T19:30:27","modified_gmt":"2025-05-06T19:30:27","slug":"gastronomen-angebot","status":"publish","type":"page","link":"https:\/\/www.dergastrofuchs.de\/?page_id=863","title":{"rendered":"Gastronomen-Angebot"},"content":{"rendered":"\n<p class=\"has-text-color has-link-color has-medium-font-size wp-elements-9c53081832b4c8845d2baf3e35a0906c\" style=\"color:#f40202\"><strong>K\u00fcchenchef und Restaurantmanager f\u00fcr Notf\u00e4lle!<\/strong><\/p>\n\n\n\n<ul>\n<li class=\"has-medium-font-size\"><strong>Sie haben Probleme in Ihrer K\u00fcche und\/oder im Restaurant?<\/strong><\/li>\n\n\n\n<li class=\"has-medium-font-size\"><strong>Sie sind krank oder wollen sich in den Ruhestand zur\u00fcckziehen?<\/strong><\/li>\n\n\n\n<li class=\"has-medium-font-size\"><strong>Sie suchen einen Nachfolger f\u00fcr Ihr Restaurant?<\/strong><\/li>\n\n\n\n<li class=\"has-medium-font-size\"><strong><em>Eine nicht so leichte Aufgabe, besonders, wenn es sich um ein traditionsreiches Lokal handelt.<\/em><\/strong><\/li>\n<\/ul>\n\n\n\n<p class=\"has-text-color has-link-color has-large-font-size wp-elements-e5c6f63eb8b063bec25b23c2f3c3121e\" style=\"color:#fb0404\"><strong>Kein Problem!<\/strong><\/p>\n\n\n\n<p class=\"has-vivid-red-color has-text-color has-link-color has-medium-font-size wp-elements-ea272e4f8efd02ff4e941d56903f1cc2\">I<strong>ch \u00fcbernehme gerne die Leitung Ihrer K\u00fcche und\/oder des ganzen Restaurants, bis Sie in Ruhe jemenden als Nachfolger gefunden haben.<\/strong><\/p>\n\n\n\n<p class=\"has-vivid-red-color has-text-color has-link-color has-medium-font-size wp-elements-a4b7a8c47fbf13247e9b3f4e82cb1cda\">Sie k\u00f6nnen sich voll und ganz auf die Suche eines Nachfolgers konzentrieren, w\u00e4hrend ich Ihr Restaurant <strong>fachlich qualifiziert <\/strong>am Laufen halte.<\/p>\n\n\n\n<p class=\"has-vivid-red-color has-text-color has-link-color has-medium-font-size wp-elements-1aee10defbbf33e3e7585fff9e098aec\"><strong>Rufen Sie mich an oder senden Sie mir eine E-Mail.<\/strong><\/p>\n\n\n\n<p class=\"has-luminous-vivid-orange-color has-text-color has-link-color has-medium-font-size wp-elements-4525de40185d9dc4268017a7a25127ba\"><strong>0152 &#8211; 110 200 89<\/strong> oder <strong>info@dergastrofuchs.de<\/strong><\/p>\n\n\n\n<p class=\"has-vivid-red-color has-text-color has-link-color has-medium-font-size wp-elements-ed847f6a097e33fad49b592849979222\">Gerne berate ich Sie und unterbreite Ihnen meine Leistungen sowie mein Angebot.<\/p>\n\n\n\n<p class=\"has-luminous-vivid-orange-color has-text-color has-link-color has-medium-font-size wp-elements-3ddfb440a440433a05943615a17d6a7c\"><strong>Erstberatung nat\u00fcrlich kostenfrei!<\/strong><\/p>\n\n\n\n<p class=\"has-vivid-red-color has-text-color has-link-color has-medium-font-size wp-elements-f1746634990f56fb023777374508e642\">Ich bin freiberuflicher Kleinunternehmer, was f\u00fcr Sie bedeutet, dass Sie ordnungsgem\u00e4\u00dfe Rechnungen erhalten, welche voll absetzbar sind.<\/p>\n\n\n\n<p class=\"has-vivid-red-color has-text-color has-link-color has-medium-font-size wp-elements-0429edef945ff79bc519340a1f69f4e4\">Also alles in allem f\u00fcr Sie ein &#8222;gutes Gesch\u00e4ft&#8220; ohne Risiko und <strong>absolut diskret.<\/strong><\/p>\n\n\n\n<p class=\"has-vivid-red-color has-text-color has-link-color has-medium-font-size wp-elements-c4fca5cf84356a1db5587be1c35a23b5\">Ich freue mich auf Ihren Kontakt.<\/p>\n\n\n\n<p class=\"has-vivid-red-color has-text-color has-link-color has-medium-font-size wp-elements-34df8159bdf7faed73347b10215e8ac1\">Der Gastrofuchs<\/p>\n\n\n\n<p><\/p>\n","protected":false},"excerpt":{"rendered":"<p>K\u00fcchenchef und Restaurantmanager f\u00fcr Notf\u00e4lle! Kein Problem! Ich \u00fcbernehme gerne die Leitung Ihrer K\u00fcche und\/oder des ganzen Restaurants, bis Sie in Ruhe jemenden als Nachfolger gefunden haben. Sie k\u00f6nnen sich voll und ganz auf die Suche eines Nachfolgers konzentrieren, w\u00e4hrend ich Ihr Restaurant fachlich qualifiziert am Laufen halte. Rufen Sie mich an oder senden Sie [&hellip;]<\/p>\n","protected":false},"author":1,"featured_media":0,"parent":0,"menu_order":0,"comment_status":"closed","ping_status":"closed","template":"","meta":{"footnotes":""},"_links":{"self":[{"href":"https:\/\/www.dergastrofuchs.de\/index.php?rest_route=\/wp\/v2\/pages\/863"}],"collection":[{"href":"https:\/\/www.dergastrofuchs.de\/index.php?rest_route=\/wp\/v2\/pages"}],"about":[{"href":"https:\/\/www.dergastrofuchs.de\/index.php?rest_route=\/wp\/v2\/types\/page"}],"author":[{"embeddable":true,"href":"https:\/\/www.dergastrofuchs.de\/index.php?rest_route=\/wp\/v2\/users\/1"}],"replies":[{"embeddable":true,"href":"https:\/\/www.dergastrofuchs.de\/index.php?rest_route=%2Fwp%2Fv2%2Fcomments&post=863"}],"version-history":[{"count":4,"href":"https:\/\/www.dergastrofuchs.de\/index.php?rest_route=\/wp\/v2\/pages\/863\/revisions"}],"predecessor-version":[{"id":890,"href":"https:\/\/www.dergastrofuchs.de\/index.php?rest_route=\/wp\/v2\/pages\/863\/revisions\/890"}],"wp:attachment":[{"href":"https:\/\/www.dergastrofuchs.de\/index.php?rest_route=%2Fwp%2Fv2%2Fmedia&parent=863"}],"curies":[{"name":"wp","href":"https:\/\/api.w.org\/{rel}","templated":true}]}}